{"id":1108,"date":"2025-03-20T16:23:49","date_gmt":"2025-03-20T15:23:49","guid":{"rendered":"https:\/\/www.introducingpeople.com\/?page_id=1108"},"modified":"2025-03-20T19:28:06","modified_gmt":"2025-03-20T18:28:06","slug":"inicio","status":"publish","type":"page","link":"https:\/\/www.introducingpeople.com\/","title":{"rendered":"Inicio"},"content":{"rendered":"<ul>\n<li>\n<p>        <img decoding=\"async\" src=\"\/wp-content\/uploads\/008-ISLA-MUJERES-CABECERA.jpg\" alt=\"\"><\/p>\n<h2>008 ISLA MUJERES CABECERA<\/h2>\n<div><img decoding=\"async\" class=\"logo-isla-mujeres\" src=\"\/wp-content\/uploads\/LOGO-ISLA-MUJERES.png\"><br \/>\n<img decoding=\"async\" class=\"logo-mexico\" src=\"\/wp-content\/uploads\/logo-mexico.png\"><\/div>\n<\/li>\n<li>\n<p>        <img decoding=\"async\" src=\"\/wp-content\/uploads\/007-ISLA-MUJERES-CABECERA.jpg\" alt=\"\"><\/p>\n<h2>007 ISLA MUJERES CABECERA<\/h2>\n<div><img decoding=\"async\" class=\"logo-isla-mujeres\" src=\"\/wp-content\/uploads\/LOGO-ISLA-MUJERES.png\"><br \/>\n<img decoding=\"async\" class=\"logo-mexico\" src=\"\/wp-content\/uploads\/logo-mexico.png\"><\/div>\n<\/li>\n<li>\n<p>        <img decoding=\"async\" src=\"\/wp-content\/uploads\/009-ISLA-MUJERES-CABECERA.jpg\" alt=\"\"><\/p>\n<h2>009 ISLA MUJERES CABECERA<\/h2>\n<div><img decoding=\"async\" class=\"logo-isla-mujeres\" src=\"\/wp-content\/uploads\/LOGO-ISLA-MUJERES.png\"><br \/>\n<img decoding=\"async\" class=\"logo-mexico\" src=\"\/wp-content\/uploads\/logo-mexico.png\"><\/div>\n<\/li>\n<li>\n<p>        <img decoding=\"async\" src=\"\/wp-content\/uploads\/001-TEOTIHUACAN-CABECERA.jpg\" alt=\"\"><\/p>\n<h2>001 TEOTIHUACAN CABECERA<\/h2>\n<div><img decoding=\"async\" class=\"logo-teotihuacan\" src=\"\/wp-content\/uploads\/LOGO-TEOTIHUACAN.png\"><br \/>\n<img decoding=\"async\" class=\"logo-mexico\" src=\"\/wp-content\/uploads\/logo-mexico.png\"><\/div>\n<\/li>\n<li>\n<p>        <img decoding=\"async\" src=\"\/wp-content\/uploads\/002-TEOTIHUACAN-CABECERA.jpg\" alt=\"\"><\/p>\n<h2>002 TEOTIHUACAN CABECERA<\/h2>\n<div><img decoding=\"async\" class=\"logo-teotihuacan\" src=\"\/wp-content\/uploads\/LOGO-TEOTIHUACAN.png\"><br \/>\n<img decoding=\"async\" class=\"logo-mexico\" src=\"\/wp-content\/uploads\/logo-mexico.png\"><\/div>\n<\/li>\n<li>\n<p>        <img decoding=\"async\" src=\"\/wp-content\/uploads\/003-TEOTIHUACAN-CABECERA.jpg\" alt=\"\"><\/p>\n<h2>003 TEOTIHUACAN CABECERA<\/h2>\n<div><img decoding=\"async\" class=\"logo-teotihuacan\" src=\"\/wp-content\/uploads\/LOGO-TEOTIHUACAN.png\"><br \/>\n<img decoding=\"async\" class=\"logo-mexico\" src=\"\/wp-content\/uploads\/logo-mexico.png\"><\/div>\n<\/li>\n<li>\n<p>        <img decoding=\"async\" src=\"\/wp-content\/uploads\/010-ISLA-MUJERES-CABECERA.jpg\" alt=\"\"><\/p>\n<h2>010 ISLA MUJERES CABECERA<\/h2>\n<div><img decoding=\"async\" class=\"logo-isla-mujeres\" src=\"\/wp-content\/uploads\/LOGO-ISLA-MUJERES.png\"><br \/>\n<img decoding=\"async\" class=\"logo-mexico\" src=\"\/wp-content\/uploads\/logo-mexico.png\"><\/div>\n<\/li>\n<li>\n<p>        <img decoding=\"async\" src=\"\/wp-content\/uploads\/013-ISLA-MUJERES-CABECERA.jpg\" alt=\"\"><\/p>\n<h2>013 ISLA MUJERES CABECERA<\/h2>\n<div><img decoding=\"async\" class=\"logo-isla-mujeres\" src=\"\/wp-content\/uploads\/LOGO-ISLA-MUJERES.png\"><br \/>\n<img decoding=\"async\" class=\"logo-mexico\" src=\"\/wp-content\/uploads\/logo-mexico.png\"><\/div>\n<\/li>\n<li>\n<p>        <img decoding=\"async\" src=\"\/wp-content\/uploads\/012-ISLA-MUJERES-CABECERA.jpg\" alt=\"\"><\/p>\n<h2>012 ISLA MUJERES CABECERA<\/h2>\n<div><img decoding=\"async\" class=\"logo-isla-mujeres\" src=\"\/wp-content\/uploads\/LOGO-ISLA-MUJERES.png\"><br \/>\n<img decoding=\"async\" class=\"logo-mexico\" src=\"\/wp-content\/uploads\/logo-mexico.png\"><\/div>\n<\/li>\n<li>\n<p>        <img decoding=\"async\" src=\"\/wp-content\/uploads\/004-TEOTIHUACAN-CABECERA.jpg\" alt=\"\"><\/p>\n<h2>004 TEOTIHUACAN CABECERA<\/h2>\n<div><img decoding=\"async\" class=\"logo-teotihuacan\" src=\"\/wp-content\/uploads\/LOGO-TEOTIHUACAN.png\"><br \/>\n<img decoding=\"async\" class=\"logo-mexico\" src=\"\/wp-content\/uploads\/logo-mexico.png\"><\/div>\n<\/li>\n<li>\n<p>        <img decoding=\"async\" src=\"\/wp-content\/uploads\/005-TEOTIHUACAN-CABECERA.jpg\" alt=\"\"><\/p>\n<h2>005 TEOTIHUACAN CABECERA<\/h2>\n<div><img decoding=\"async\" class=\"logo-teotihuacan\" src=\"\/wp-content\/uploads\/LOGO-TEOTIHUACAN.png\"><br \/>\n<img decoding=\"async\" class=\"logo-mexico\" src=\"\/wp-content\/uploads\/logo-mexico.png\"><\/div>\n<\/li>\n<li>\n<p>        <img decoding=\"async\" src=\"\/wp-content\/uploads\/006-TEOTIHUACAN-CABECERA.jpg\" alt=\"\"><\/p>\n<h2>006 TEOTIHUACAN CABECERA<\/h2>\n<div><img decoding=\"async\" class=\"logo-teotihuacan\" src=\"\/wp-content\/uploads\/LOGO-TEOTIHUACAN.png\"><br \/>\n<img decoding=\"async\" class=\"logo-mexico\" src=\"\/wp-content\/uploads\/logo-mexico.png\"><\/div>\n<\/li>\n<li>\n<p>        <img decoding=\"async\" src=\"\/wp-content\/uploads\/011-ISLA-MUJERES-CABECERA.jpg\" alt=\"\"><\/p>\n<h2>011 ISLA MUJERES CABECERA<\/h2>\n<div><img decoding=\"async\" class=\"logo-isla-mujeres\" src=\"\/wp-content\/uploads\/LOGO-ISLA-MUJERES.png\"><br \/>\n<img decoding=\"async\" class=\"logo-mexico\" src=\"\/wp-content\/uploads\/logo-mexico.png\"><\/div>\n<\/li>\n<\/ul>\n<p><img decoding=\"async\" src=\"\/wp-content\/uploads\/CIRCULO-PROMOCION-TURISTICA.png\" alt=\"\"><\/p>\n<div>Representaci\u00f3n para empresas, destinos e instituciones p\u00fablicas.<br \/>\nDebido a los constantes cambios globales debemos abrir nuestros negocios a nuevos mercados externos. Introducing people le ofrece una estructura externa que se adapta a sus necesidades para su promoci\u00f3n y representaci\u00f3n tur\u00edstica, que incrementa las sinergias y minimiza los costes para su empresa. As\u00ed podr\u00e1 contar con una presencia efectiva, maximizar esfuerzos y rentabilizar la inversi\u00f3n. Contamos con stand propio en la feria internacional de turismo FITUR que se celebra en Madrid (Espa\u00f1a) y en la Travel Adventure Show de Dallas.\n<\/div>\n<p><a href=\"https:\/\/travelshows.com\/shows\/dallas\/\"><img decoding=\"async\" src=\"\/wp-content\/uploads\/BANNER-feria-DALLAS-2025.jpg\" alt=\"\"><\/a><\/p>\n<ul>\n<li>\n<p>        <img decoding=\"async\" src=\"\/wp-content\/uploads\/001-TEOTIHUACAN-EN-BICI.jpg\" alt=\"\"><\/p>\n<h3>001 TEOTIHUACAN EN BICI<\/h3>\n<p><a href=\"https:\/\/www.teotihuacanenbici.com.mx\"><\/a><\/p>\n<\/li>\n<li>\n<p>        <img decoding=\"async\" src=\"\/wp-content\/uploads\/002-YAOCALLI.jpg\" alt=\"\"><\/p>\n<h3>002 YAOCALLI<\/h3>\n<p><a href=\"https:\/\/www.facebook.com\/people\/Hotel-Yaocalli\/100061828280597\/\"><\/a><\/p>\n<\/li>\n<li>\n<p>        <img decoding=\"async\" src=\"\/wp-content\/uploads\/003-GRAN-TEOCALLI.jpg\" alt=\"\"><\/p>\n<h3>003 GRAN TEOCALLI<\/h3>\n<p><a href=\"https:\/\/www.granteocalli.com.mx\"><\/a><\/p>\n<\/li>\n<li>\n<p>        <img decoding=\"async\" src=\"\/wp-content\/uploads\/004-SUNRISE.jpg\" alt=\"\"><\/p>\n<h3>004 SUNRISE<\/h3>\n<p><a href=\"https:\/\/www.facebook.com\/sunriseteotihuacan\/?locale=es_LA\"><\/a><\/p>\n<\/li>\n<li>\n<p>        <img decoding=\"async\" src=\"\/wp-content\/uploads\/005-von-navi.jpg\" alt=\"\"><\/p>\n<h3>005 von navi<\/h3>\n<p><a href=\"https:\/\/www.facebook.com\/VonNaviVuelos\/\"><\/a><\/p>\n<\/li>\n<li>\n<p>        <img decoding=\"async\" src=\"\/wp-content\/uploads\/006-MAYAHUEL.jpg\" alt=\"\"><\/p>\n<h3>006 MAYAHUEL<\/h3>\n<p><a href=\"https:\/\/www.facebook.com\/p\/Mayahuel-Restaurante-Grill-Teotihuacan-100042567741262\/\"><\/a><\/p>\n<\/li>\n<li>\n<p>        <img decoding=\"async\" src=\"\/wp-content\/uploads\/007-RANCHO-COFRADIA.jpg\" alt=\"\"><\/p>\n<h3>007 RANCHO COFRADIA<\/h3>\n<p><a href=\"https:\/\/www.facebook.com\/RestauranteRanchoCofradia\/?locale=es_LA\"><\/a><\/p>\n<\/li>\n<li>\n<p>        <img decoding=\"async\" src=\"\/wp-content\/uploads\/008-HOTELES-QUINTO-SOL.jpg\" alt=\"\"><\/p>\n<h3>008 HOTELES QUINTO SOL<\/h3>\n<p><a href=\"https:\/\/www.hotelquintosol.mx\"><\/a><\/p>\n<\/li>\n<li>\n<p>        <img decoding=\"async\" src=\"\/wp-content\/uploads\/009-LA-CASONA.jpg\" alt=\"\"><\/p>\n<h3>009 LA CASONA<\/h3>\n<p><a href=\"https:\/\/lacasonapiramides.com.mx\"><\/a><\/p>\n<\/li>\n<li>\n<p>        <img decoding=\"async\" src=\"\/wp-content\/uploads\/010-ACOCALLI.jpg\" alt=\"\"><\/p>\n<h3>010 ACOCALLI<\/h3>\n<p><a href=\"https:\/\/www.facebook.com\/AcocalliTeotihuacan\/?locale=es_LA\"><\/a><\/p>\n<\/li>\n<li>\n<p>        <img decoding=\"async\" src=\"\/wp-content\/uploads\/011-HOTEL-ROCAMAR.jpg\" alt=\"\"><\/p>\n<h3>011 HOTEL ROCAMAR<\/h3>\n<p><a href=\"https:\/\/www.rocamar-hotel.com\"><\/a><\/p>\n<\/li>\n<li>\n<p>        <img decoding=\"async\" src=\"\/wp-content\/uploads\/012-HOTEL-POSADA-DEL-MAR.jpg\" alt=\"\"><\/p>\n<h3>012 HOTEL POSADA DEL MAR<\/h3>\n<p><a href=\"https:\/\/www.hotelposadadelmar.mx\"><\/a><\/p>\n<\/li>\n<li>\n<p>        <img decoding=\"async\" src=\"\/wp-content\/uploads\/013-HOTEL-PLAYA-LA-MEDIA-LUNA.jpg\" alt=\"\"><\/p>\n<h3>013 HOTEL PLAYA LA MEDIA LUNA<\/h3>\n<p><a href=\"http:\/\/www.playamedialuna.com\"><\/a><\/p>\n<\/li>\n<li>\n<p>        <img decoding=\"async\" src=\"\/wp-content\/uploads\/014-HOTEL-CABANAS-MARIA-DEL-MAR.jpg\" alt=\"\"><\/p>\n<h3>014 HOTEL CABA\u00d1AS MARIA DEL MAR<\/h3>\n<p><a href=\"https:\/\/cabanasmariadelmar.com\"><\/a><\/p>\n<\/li>\n<li>\n<p>        <img decoding=\"async\" src=\"\/wp-content\/uploads\/015-KEEN-M-SPORTFISHING.jpg\" alt=\"\"><\/p>\n<h3>015 KEEN M SPORTFISHING<\/h3>\n<p><a href=\"https:\/\/www.islamujeressportfishing.com\"><\/a><\/p>\n<\/li>\n<li>\n<p>        <img decoding=\"async\" src=\"\/wp-content\/uploads\/016-HOTEL-VILLA-KIIN.jpg\" alt=\"\"><\/p>\n<h3>016 HOTEL VILLA KIIN<\/h3>\n<p><a href=\"https:\/\/villakiin.com\"><\/a><\/p>\n<\/li>\n<li>\n<p>        <img decoding=\"async\" src=\"\/wp-content\/uploads\/017-HOTEL-BUCANEROS.jpg\" alt=\"\"><\/p>\n<h3>017 HOTEL BUCANEROS<\/h3>\n<p><a href=\"https:\/\/bucaneros.com\"><\/a><\/p>\n<\/li>\n<li>\n<p>        <img decoding=\"async\" src=\"\/wp-content\/uploads\/018-RENTADORA-CARIBE.jpg\" alt=\"\"><\/p>\n<h3>018 RENTADORA CARIBE<\/h3>\n<p><a href=\"http:\/\/rentadoracaribe.com\"><\/a><\/p>\n<\/li>\n<li>\n<p>        <img decoding=\"async\" src=\"\/wp-content\/uploads\/019-PORAY-BIKES.jpg\" alt=\"\"><\/p>\n<h3>019 PORAY BIKES<\/h3>\n<p><a href=\"https:\/\/www.poray.bike\"><\/a><\/p>\n<\/li>\n<li>\n<p>        <img decoding=\"async\" src=\"\/wp-content\/uploads\/020-AMAPA-TOURS.jpg\" alt=\"\"><\/p>\n<h3>020 AMAPA TOURS<\/h3>\n<p><a href=\"https:\/\/amapatours.de\"><\/a><\/p>\n<\/li>\n<li>\n<p>        <img decoding=\"async\" src=\"\/wp-content\/uploads\/021-AH-CHIHUAHUA.jpg\" alt=\"\"><\/p>\n<h3>021 AH CHIHUAHUA<\/h3>\n<p><a href=\"https:\/\/www.visitachihuahua.mx\"><\/a><\/p>\n<\/li>\n<li>\n<p>        <img decoding=\"async\" src=\"\/wp-content\/uploads\/022-ZOCALO-CENTRAL.jpg\" alt=\"\"><\/p>\n<h3>022 ZOCALO CENTRAL<\/h3>\n<p><a href=\"https:\/\/www.centralhoteles.com\"><\/a><\/p>\n<\/li>\n<\/ul>\n<p><!--more--><br \/>\n<!-- {\"type\":\"layout\",\"children\":[{\"name\":\"Hero\",\"type\":\"section\",\"props\":{\"class\":\"demo\",\"header_transparent\":true,\"header_transparent_noplaceholder\":true,\"header_transparent_text_color\":\"dark\",\"image_position\":\"center-center\",\"padding\":\"none\",\"preserve_color\":false,\"style\":\"primary\",\"title_breakpoint\":\"xl\",\"title_position\":\"top-left\",\"title_rotation\":\"left\",\"vertical_align\":\"\",\"width\":\"\"},\"children\":[{\"type\":\"row\",\"children\":[{\"type\":\"column\",\"props\":{\"image_position\":\"center-center\",\"position_sticky_breakpoint\":\"m\",\"width_medium\":\"1-1\"},\"children\":[{\"type\":\"slideshow\",\"props\":{\"image_loading\":true,\"image_width\":\"2560\",\"link_parallax_y\":\"-60,0,190\",\"link_style\":\"default\",\"link_text\":\"Read more\",\"margin\":\"default\",\"meta_align\":\"above-title\",\"meta_element\":\"div\",\"meta_parallax_y\":\"70,0,-100\",\"meta_style\":\"h6\",\"nav\":\"\",\"nav_align\":\"center\",\"nav_breakpoint\":\"s\",\"nav_position\":\"bottom-center\",\"nav_position_margin\":\"large\",\"overlay_animation\":\"parallax\",\"overlay_container\":\"large\",\"overlay_position\":\"top-left\",\"overlay_width\":\"xlarge\",\"show_content\":true,\"show_link\":true,\"show_meta\":true,\"show_thumbnail\":true,\"show_title\":false,\"slidenav\":\"\",\"slidenav_breakpoint\":\"s\",\"slidenav_margin\":\"medium\",\"slidenav_outside_breakpoint\":\"xl\",\"slideshow_animation\":\"pull\",\"slideshow_autoplay\":true,\"slideshow_autoplay_pause\":true,\"slideshow_max_height\":\"580\",\"slideshow_min_height\":\"580\",\"slideshow_velocity\":\"1.4\",\"text_align\":\"left\",\"text_align_breakpoint\":\"s\",\"text_align_fallback\":\"center\",\"thumbnav_height\":\"95\",\"thumbnav_svg_color\":\"emphasis\",\"thumbnav_width\":\"110\",\"title_decoration\":\"line\",\"title_element\":\"h2\",\"title_hover_style\":\"reset\",\"title_parallax_x\":\"320,0,-250\",\"title_style\":\"heading-medium\"},\"children\":[{\"type\":\"slideshow_item\",\"props\":{\"content\":\"<img class=\\\"logo-isla-mujeres\\\" src=\\\"\\\/wp-content\\\/uploads\\\/LOGO-ISLA-MUJERES.png\\\">\\n<img class=\\\"logo-mexico\\\" src=\\\"\\\/wp-content\\\/uploads\\\/logo-mexico.png\\\">\",\"image\":\"wp-content\\\/uploads\\\/008-ISLA-MUJERES-CABECERA.jpg\",\"title\":\"008 ISLA MUJERES CABECERA\"}},{\"type\":\"slideshow_item\",\"props\":{\"content\":\"<img class=\\\"logo-isla-mujeres\\\" src=\\\"\\\/wp-content\\\/uploads\\\/LOGO-ISLA-MUJERES.png\\\">\\n<img class=\\\"logo-mexico\\\" src=\\\"\\\/wp-content\\\/uploads\\\/logo-mexico.png\\\">\",\"image\":\"wp-content\\\/uploads\\\/007-ISLA-MUJERES-CABECERA.jpg\",\"title\":\"007 ISLA MUJERES CABECERA\"}},{\"type\":\"slideshow_item\",\"props\":{\"content\":\"<img class=\\\"logo-isla-mujeres\\\" src=\\\"\\\/wp-content\\\/uploads\\\/LOGO-ISLA-MUJERES.png\\\">\\n<img class=\\\"logo-mexico\\\" src=\\\"\\\/wp-content\\\/uploads\\\/logo-mexico.png\\\">\",\"image\":\"wp-content\\\/uploads\\\/009-ISLA-MUJERES-CABECERA.jpg\",\"title\":\"009 ISLA MUJERES CABECERA\"}},{\"type\":\"slideshow_item\",\"props\":{\"content\":\"<img class=\\\"logo-teotihuacan\\\" src=\\\"\\\/wp-content\\\/uploads\\\/LOGO-TEOTIHUACAN.png\\\">\\n<img class=\\\"logo-mexico\\\" src=\\\"\\\/wp-content\\\/uploads\\\/logo-mexico.png\\\">\",\"image\":\"wp-content\\\/uploads\\\/001-TEOTIHUACAN-CABECERA.jpg\",\"meta\":\"\",\"title\":\"001 TEOTIHUACAN CABECERA\"}},{\"type\":\"slideshow_item\",\"props\":{\"content\":\"<img class=\\\"logo-teotihuacan\\\" src=\\\"\\\/wp-content\\\/uploads\\\/LOGO-TEOTIHUACAN.png\\\">\\n<img class=\\\"logo-mexico\\\" src=\\\"\\\/wp-content\\\/uploads\\\/logo-mexico.png\\\">\",\"image\":\"wp-content\\\/uploads\\\/002-TEOTIHUACAN-CABECERA.jpg\",\"title\":\"002 TEOTIHUACAN CABECERA\"}},{\"type\":\"slideshow_item\",\"props\":{\"content\":\"<img class=\\\"logo-teotihuacan\\\" src=\\\"\\\/wp-content\\\/uploads\\\/LOGO-TEOTIHUACAN.png\\\">\\n<img class=\\\"logo-mexico\\\" src=\\\"\\\/wp-content\\\/uploads\\\/logo-mexico.png\\\">\",\"image\":\"wp-content\\\/uploads\\\/003-TEOTIHUACAN-CABECERA.jpg\",\"title\":\"003 TEOTIHUACAN CABECERA\"}},{\"type\":\"slideshow_item\",\"props\":{\"content\":\"<img class=\\\"logo-isla-mujeres\\\" src=\\\"\\\/wp-content\\\/uploads\\\/LOGO-ISLA-MUJERES.png\\\">\\n<img class=\\\"logo-mexico\\\" src=\\\"\\\/wp-content\\\/uploads\\\/logo-mexico.png\\\">\",\"image\":\"wp-content\\\/uploads\\\/010-ISLA-MUJERES-CABECERA.jpg\",\"title\":\"010 ISLA MUJERES CABECERA\"}},{\"type\":\"slideshow_item\",\"props\":{\"content\":\"<img class=\\\"logo-isla-mujeres\\\" src=\\\"\\\/wp-content\\\/uploads\\\/LOGO-ISLA-MUJERES.png\\\">\\n<img class=\\\"logo-mexico\\\" src=\\\"\\\/wp-content\\\/uploads\\\/logo-mexico.png\\\">\",\"image\":\"wp-content\\\/uploads\\\/013-ISLA-MUJERES-CABECERA.jpg\",\"title\":\"013 ISLA MUJERES CABECERA\"}},{\"type\":\"slideshow_item\",\"props\":{\"content\":\"<img class=\\\"logo-isla-mujeres\\\" src=\\\"\\\/wp-content\\\/uploads\\\/LOGO-ISLA-MUJERES.png\\\">\\n<img class=\\\"logo-mexico\\\" src=\\\"\\\/wp-content\\\/uploads\\\/logo-mexico.png\\\">\",\"image\":\"wp-content\\\/uploads\\\/012-ISLA-MUJERES-CABECERA.jpg\",\"title\":\"012 ISLA MUJERES CABECERA\"}},{\"type\":\"slideshow_item\",\"props\":{\"content\":\"<img class=\\\"logo-teotihuacan\\\" src=\\\"\\\/wp-content\\\/uploads\\\/LOGO-TEOTIHUACAN.png\\\">\\n<img class=\\\"logo-mexico\\\" src=\\\"\\\/wp-content\\\/uploads\\\/logo-mexico.png\\\">\",\"image\":\"wp-content\\\/uploads\\\/004-TEOTIHUACAN-CABECERA.jpg\",\"title\":\"004 TEOTIHUACAN CABECERA\"}},{\"type\":\"slideshow_item\",\"props\":{\"content\":\"<img class=\\\"logo-teotihuacan\\\" src=\\\"\\\/wp-content\\\/uploads\\\/LOGO-TEOTIHUACAN.png\\\">\\n<img class=\\\"logo-mexico\\\" src=\\\"\\\/wp-content\\\/uploads\\\/logo-mexico.png\\\">\",\"image\":\"wp-content\\\/uploads\\\/005-TEOTIHUACAN-CABECERA.jpg\",\"title\":\"005 TEOTIHUACAN CABECERA\"}},{\"type\":\"slideshow_item\",\"props\":{\"content\":\"<img class=\\\"logo-teotihuacan\\\" src=\\\"\\\/wp-content\\\/uploads\\\/LOGO-TEOTIHUACAN.png\\\">\\n<img class=\\\"logo-mexico\\\" src=\\\"\\\/wp-content\\\/uploads\\\/logo-mexico.png\\\">\",\"image\":\"wp-content\\\/uploads\\\/006-TEOTIHUACAN-CABECERA.jpg\",\"title\":\"006 TEOTIHUACAN CABECERA\"}},{\"type\":\"slideshow_item\",\"props\":{\"content\":\"<img class=\\\"logo-isla-mujeres\\\" src=\\\"\\\/wp-content\\\/uploads\\\/LOGO-ISLA-MUJERES.png\\\">\\n<img class=\\\"logo-mexico\\\" src=\\\"\\\/wp-content\\\/uploads\\\/logo-mexico.png\\\">\",\"image\":\"wp-content\\\/uploads\\\/011-ISLA-MUJERES-CABECERA.jpg\",\"title\":\"011 ISLA MUJERES CABECERA\"}}]}]}]}]},{\"type\":\"section\",\"props\":{\"image_position\":\"center-center\",\"style\":\"default\",\"title_breakpoint\":\"xl\",\"title_position\":\"top-left\",\"title_rotation\":\"left\",\"vertical_align\":\"middle\",\"width\":\"large\"},\"children\":[{\"type\":\"row\",\"props\":{\"layout\":\"1-5,3-5,1-5\"},\"children\":[{\"type\":\"column\",\"props\":{\"image_position\":\"center-center\",\"position_sticky_breakpoint\":\"m\",\"width_medium\":\"1-5\"},\"children\":[{\"type\":\"image\",\"props\":{\"image\":\"wp-content\\\/uploads\\\/CIRCULO-PROMOCION-TURISTICA.png\",\"image_svg_color\":\"emphasis\",\"image_width\":420,\"margin\":\"default\",\"text_align\":\"center\"}}]},{\"type\":\"column\",\"props\":{\"image_position\":\"center-center\",\"position_sticky_breakpoint\":\"m\",\"width_medium\":\"3-5\"},\"children\":[{\"type\":\"text\",\"props\":{\"column_breakpoint\":\"m\",\"content\":\"Representaci\\u00f3n para empresas, destinos e instituciones p\\u00fablicas.<br \/>\\nDebido a los constantes cambios globales debemos abrir nuestros negocios a nuevos mercados externos. Introducing people le ofrece una estructura externa que se adapta a sus necesidades para su promoci\\u00f3n y representaci\\u00f3n tur\\u00edstica, que incrementa las sinergias y minimiza los costes para su empresa. As\\u00ed podr\\u00e1 contar con una presencia efectiva, maximizar esfuerzos y rentabilizar la inversi\\u00f3n. Contamos con stand propio en la feria internacional de turismo FITUR que se celebra en Madrid (Espa\\u00f1a) y en la Travel Adventure Show de Dallas.\\n\",\"margin\":\"default\",\"text_align\":\"justify\"}}]},{\"type\":\"column\",\"props\":{\"image_position\":\"center-center\",\"position_sticky_breakpoint\":\"m\",\"width_medium\":\"1-5\"},\"children\":[{\"type\":\"image\",\"props\":{\"blend\":false,\"css\":\"\\n@media (min-width: 960px) {\\n    .el-element { \\n        margin-top: -160px; \\n        z-index: 999; \\n        position: relative;\\n        display: block;\\n    }\\n}\\n\",\"image\":\"wp-content\\\/uploads\\\/BANNER-feria-DALLAS-2025.jpg\",\"image_svg_color\":\"emphasis\",\"link\":\"https:\\\/\\\/travelshows.com\\\/shows\\\/dallas\\\/\",\"link_target\":\"blank\",\"margin\":\"default\",\"text_align\":\"center\"}}]}]}]},{\"type\":\"section\",\"props\":{\"image_position\":\"center-center\",\"style\":\"default\",\"title_breakpoint\":\"xl\",\"title_position\":\"top-left\",\"title_rotation\":\"left\",\"vertical_align\":\"middle\",\"width\":\"large\"},\"children\":[{\"type\":\"row\",\"children\":[{\"type\":\"column\",\"props\":{\"image_position\":\"center-center\",\"position_sticky_breakpoint\":\"m\"},\"children\":[{\"type\":\"grid\",\"props\":{\"content_column_breakpoint\":\"m\",\"filter_align\":\"left\",\"filter_all\":true,\"filter_grid_breakpoint\":\"m\",\"filter_grid_width\":\"auto\",\"filter_position\":\"top\",\"filter_style\":\"tab\",\"grid_column_gap\":\"large\",\"grid_default\":\"1\",\"grid_medium\":\"4\",\"grid_row_gap\":\"large\",\"grid_small\":\"2\",\"icon_width\":80,\"image_align\":\"top\",\"image_grid_breakpoint\":\"m\",\"image_grid_width\":\"1-2\",\"image_svg_color\":\"emphasis\",\"item_animation\":true,\"lightbox_bg_close\":true,\"link_style\":\"default\",\"link_target\":false,\"link_text\":\"\",\"margin\":\"default\",\"meta_align\":\"below-title\",\"meta_element\":\"div\",\"meta_style\":\"text-meta\",\"panel_link\":true,\"show_content\":true,\"show_hover_image\":true,\"show_hover_video\":true,\"show_image\":true,\"show_link\":true,\"show_meta\":true,\"show_title\":false,\"show_video\":true,\"text_align\":\"center\",\"title_align\":\"top\",\"title_element\":\"h3\",\"title_grid_breakpoint\":\"m\",\"title_grid_width\":\"1-2\",\"title_hover_style\":\"reset\"},\"children\":[{\"type\":\"grid_item\",\"props\":{\"image\":\"wp-content\\\/uploads\\\/001-TEOTIHUACAN-EN-BICI.jpg\",\"link\":\"https:\\\/\\\/www.teotihuacanenbici.com.mx\",\"title\":\"001 TEOTIHUACAN EN BICI\"}},{\"type\":\"grid_item\",\"props\":{\"image\":\"wp-content\\\/uploads\\\/002-YAOCALLI.jpg\",\"link\":\"https:\\\/\\\/www.facebook.com\\\/people\\\/Hotel-Yaocalli\\\/100061828280597\\\/\",\"title\":\"002 YAOCALLI\"}},{\"type\":\"grid_item\",\"props\":{\"image\":\"wp-content\\\/uploads\\\/003-GRAN-TEOCALLI.jpg\",\"link\":\"https:\\\/\\\/www.granteocalli.com.mx\",\"title\":\"003 GRAN TEOCALLI\"}},{\"type\":\"grid_item\",\"props\":{\"image\":\"wp-content\\\/uploads\\\/004-SUNRISE.jpg\",\"link\":\"https:\\\/\\\/www.facebook.com\\\/sunriseteotihuacan\\\/?locale=es_LA\",\"title\":\"004 SUNRISE\"}},{\"type\":\"grid_item\",\"props\":{\"image\":\"wp-content\\\/uploads\\\/005-von-navi.jpg\",\"link\":\"https:\\\/\\\/www.facebook.com\\\/VonNaviVuelos\\\/\",\"title\":\"005 von navi\"}},{\"type\":\"grid_item\",\"props\":{\"image\":\"wp-content\\\/uploads\\\/006-MAYAHUEL.jpg\",\"link\":\"https:\\\/\\\/www.facebook.com\\\/p\\\/Mayahuel-Restaurante-Grill-Teotihuacan-100042567741262\\\/\",\"title\":\"006 MAYAHUEL\"}},{\"type\":\"grid_item\",\"props\":{\"image\":\"wp-content\\\/uploads\\\/007-RANCHO-COFRADIA.jpg\",\"link\":\"https:\\\/\\\/www.facebook.com\\\/RestauranteRanchoCofradia\\\/?locale=es_LA\",\"title\":\"007 RANCHO COFRADIA\"}},{\"type\":\"grid_item\",\"props\":{\"image\":\"wp-content\\\/uploads\\\/008-HOTELES-QUINTO-SOL.jpg\",\"link\":\"https:\\\/\\\/www.hotelquintosol.mx\",\"title\":\"008 HOTELES QUINTO SOL\"}},{\"type\":\"grid_item\",\"props\":{\"image\":\"wp-content\\\/uploads\\\/009-LA-CASONA.jpg\",\"link\":\"https:\\\/\\\/lacasonapiramides.com.mx\",\"title\":\"009 LA CASONA\"}},{\"type\":\"grid_item\",\"props\":{\"image\":\"wp-content\\\/uploads\\\/010-ACOCALLI.jpg\",\"link\":\"https:\\\/\\\/www.facebook.com\\\/AcocalliTeotihuacan\\\/?locale=es_LA\",\"title\":\"010 ACOCALLI\"}},{\"type\":\"grid_item\",\"props\":{\"image\":\"wp-content\\\/uploads\\\/011-HOTEL-ROCAMAR.jpg\",\"link\":\"https:\\\/\\\/www.rocamar-hotel.com\",\"title\":\"011 HOTEL ROCAMAR\"}},{\"type\":\"grid_item\",\"props\":{\"image\":\"wp-content\\\/uploads\\\/012-HOTEL-POSADA-DEL-MAR.jpg\",\"link\":\"https:\\\/\\\/www.hotelposadadelmar.mx\",\"title\":\"012 HOTEL POSADA DEL MAR\"}},{\"type\":\"grid_item\",\"props\":{\"image\":\"wp-content\\\/uploads\\\/013-HOTEL-PLAYA-LA-MEDIA-LUNA.jpg\",\"link\":\"http:\\\/\\\/www.playamedialuna.com\",\"title\":\"013 HOTEL PLAYA LA MEDIA LUNA\"}},{\"type\":\"grid_item\",\"props\":{\"image\":\"wp-content\\\/uploads\\\/014-HOTEL-CABANAS-MARIA-DEL-MAR.jpg\",\"link\":\"https:\\\/\\\/cabanasmariadelmar.com\",\"title\":\"014 HOTEL CABA\\u00d1AS MARIA DEL MAR\"}},{\"type\":\"grid_item\",\"props\":{\"image\":\"wp-content\\\/uploads\\\/015-KEEN-M-SPORTFISHING.jpg\",\"link\":\"https:\\\/\\\/www.islamujeressportfishing.com\",\"title\":\"015 KEEN M SPORTFISHING\"}},{\"type\":\"grid_item\",\"props\":{\"image\":\"wp-content\\\/uploads\\\/016-HOTEL-VILLA-KIIN.jpg\",\"link\":\"https:\\\/\\\/villakiin.com\",\"title\":\"016 HOTEL VILLA KIIN\"}},{\"type\":\"grid_item\",\"props\":{\"image\":\"wp-content\\\/uploads\\\/017-HOTEL-BUCANEROS.jpg\",\"link\":\"https:\\\/\\\/bucaneros.com\",\"title\":\"017 HOTEL BUCANEROS\"}},{\"type\":\"grid_item\",\"props\":{\"image\":\"wp-content\\\/uploads\\\/018-RENTADORA-CARIBE.jpg\",\"link\":\"http:\\\/\\\/rentadoracaribe.com\",\"title\":\"018 RENTADORA CARIBE\"}},{\"type\":\"grid_item\",\"props\":{\"image\":\"wp-content\\\/uploads\\\/019-PORAY-BIKES.jpg\",\"link\":\"https:\\\/\\\/www.poray.bike\",\"title\":\"019 PORAY BIKES\"}},{\"type\":\"grid_item\",\"props\":{\"image\":\"wp-content\\\/uploads\\\/020-AMAPA-TOURS.jpg\",\"link\":\"https:\\\/\\\/amapatours.de\",\"title\":\"020 AMAPA TOURS\"}},{\"type\":\"grid_item\",\"props\":{\"image\":\"wp-content\\\/uploads\\\/021-AH-CHIHUAHUA.jpg\",\"link\":\"https:\\\/\\\/www.visitachihuahua.mx\",\"title\":\"021 AH CHIHUAHUA\"}},{\"type\":\"grid_item\",\"props\":{\"image\":\"wp-content\\\/uploads\\\/022-ZOCALO-CENTRAL.jpg\",\"link\":\"https:\\\/\\\/www.centralhoteles.com\",\"title\":\"022 ZOCALO CENTRAL\"}}]}]}]}]}],\"version\":\"4.5.11\"} --><\/p>\n","protected":false},"excerpt":{"rendered":"<p>008 ISLA MUJERES CABECERA 007 ISLA MUJERES CABECERA 009 ISLA MUJERES CABECERA 001 TEOTIHUACAN CABECERA 002 TEOTIHUACAN CABECERA 003 TEOTIHUACAN CABECERA 010 ISLA MUJERES CABECERA 013 ISLA MUJERES CABECERA 012 ISLA MUJERES CABECERA 004 TEOTIHUACAN CABECERA 005 TEOTIHUACAN CABECERA 006 TEOTIHUACAN CABECERA 011 ISLA MUJERES CABECERA Representaci\u00f3n para empresas, destinos e instituciones p\u00fablicas. Debido a [&hellip;]<\/p>\n","protected":false},"author":1,"featured_media":0,"parent":0,"menu_order":-999,"comment_status":"closed","ping_status":"closed","template":"","meta":{"_acf_changed":false,"footnotes":""},"class_list":["post-1108","page","type-page","status-publish","hentry"],"acf":[],"_links":{"self":[{"href":"https:\/\/www.introducingpeople.com\/index.php?rest_route=\/wp\/v2\/pages\/1108","targetHints":{"allow":["GET"]}}],"collection":[{"href":"https:\/\/www.introducingpeople.com\/index.php?rest_route=\/wp\/v2\/pages"}],"about":[{"href":"https:\/\/www.introducingpeople.com\/index.php?rest_route=\/wp\/v2\/types\/page"}],"author":[{"embeddable":true,"href":"https:\/\/www.introducingpeople.com\/index.php?rest_route=\/wp\/v2\/users\/1"}],"replies":[{"embeddable":true,"href":"https:\/\/www.introducingpeople.com\/index.php?rest_route=%2Fwp%2Fv2%2Fcomments&post=1108"}],"version-history":[{"count":46,"href":"https:\/\/www.introducingpeople.com\/index.php?rest_route=\/wp\/v2\/pages\/1108\/revisions"}],"predecessor-version":[{"id":1211,"href":"https:\/\/www.introducingpeople.com\/index.php?rest_route=\/wp\/v2\/pages\/1108\/revisions\/1211"}],"wp:attachment":[{"href":"https:\/\/www.introducingpeople.com\/index.php?rest_route=%2Fwp%2Fv2%2Fmedia&parent=1108"}],"curies":[{"name":"wp","href":"https:\/\/api.w.org\/{rel}","templated":true}]}}